{"id":24,"date":"2023-10-31T21:19:35","date_gmt":"2023-10-31T20:19:35","guid":{"rendered":"https:\/\/vitreinsert.com\/index.php\/specialiste-en-pose-et-remplacement-de-vitre-dinsert-et-de-poele-a-bois-depuis-1998\/"},"modified":"2024-03-26T09:59:39","modified_gmt":"2024-03-26T08:59:39","slug":"specialiste-en-pose-et-remplacement-de-vitre-dinsert-et-de-poele-a-bois-depuis-1998","status":"publish","type":"page","link":"https:\/\/vitreinsert.com\/","title":{"rendered":"Sp\u00e9cialiste en pose &#8211; remplacement de vitre d&#8217;insert et de po\u00eale"},"content":{"rendered":"<h2>Bienvenue sur notre page d&#8217;accueil<\/h2>\n<p>Je suis fiers de vous pr\u00e9senter mon entreprise sp\u00e9cialis\u00e9e dans la pose et le remplacement de vitre d&#8217;insert et de po\u00eale \u00e0 bois depuis 1998. Forts de mon exp\u00e9rience de plus de 20 ans, je suis devenus une r\u00e9f\u00e9rence dans ce domaine.<\/p>\n<p>Agr\u00e9\u00e9 assurance et comp\u00e9tant sur toutes les marques d&#8217;insert et de po\u00eale, ainsi que sur tous les mod\u00e8les. Que vous ayez besoin d&#8217;un remplacement de vitre en verre plat, courbe ou prismatique, je suis l\u00e0 pour r\u00e9pondre \u00e0 vos besoins.<\/p>\n<h2>Un service disponible dans tout le Maine et Loire<\/h2>\n<p>Desservant l&#8217;ensemble du Maine et Loire. Que vous soyez \u00e0 Angers, Cholet, Saumur ou dans les environs, Je suis pr\u00eats \u00e0 intervenir chez vous, disponible 7 jours sur 7 pour r\u00e9pondre \u00e0 vos demandes et assurer un service de qualit\u00e9.<\/p>\n<h2>Un service de qualit\u00e9 pour votre tranquillit\u00e9 d&#8217;esprit<\/h2>\n<p>Comprenant l&#8217;importance d&#8217;avoir une vitre d&#8217;insert ou de po\u00eale \u00e0 bois en parfait \u00e9tat. Je mets tout en \u0153uvre pour votre tranquillit\u00e9 d&#8217;esprit.<\/p>\n<p>J&#8217;utilise des mat\u00e9riaux de haute qualit\u00e9 et suit des proc\u00e9dures strictes pour assurer des r\u00e9sultats durables et esth\u00e9tiquement agr\u00e9ables.<\/p>\n<p>En plus de la pose et du remplacement de vitre, je vous propose \u00e9galement des services d&#8217;entretien et de r\u00e9paration pour prolonger la dur\u00e9e de vie de votre insert ou de votre po\u00eale \u00e0 bois. Je suis l\u00e0 pour vous accompagner tout au long de la vie de votre appareil.<\/p>\n<h2>Des tarifs comp\u00e9titifs et transparents<\/h2>\n<p>Je crois en la transparence et en l&#8217;honn\u00eatet\u00e9 dans mes tarifs.<\/p>\n<p>Avant chaque intervention, je vous fournis un devis d\u00e9taill\u00e9 afin que vous sachiez exactement ce que vous payez.<\/p>\n<p>Mes tarifs sont comp\u00e9titifs et je m&#8217;engage \u00e0 vous offrir un excellent rapport qualit\u00e9-prix. De plus, j&#8217;insiste pour que vous pr\u00e9sentiez le devis \u00e0 votre assurance habitation avant de faire quoi que ce soit.<\/p>\n<p>N&#8217;h\u00e9sitez pas \u00e0 me contacter d\u00e8s aujourd&#8217;hui pour en savoir plus sur mon service de pose et de remplacement de vitre d&#8217;insert et de po\u00eale \u00e0 bois. je suis l\u00e0 pour r\u00e9pondre \u00e0 toutes vos questions et vous fournir un service personnalis\u00e9.<\/p>\n","protected":false},"excerpt":{"rendered":"<p>Bienvenue sur notre page d&#8217;accueil Je suis fiers de vous pr\u00e9senter mon entreprise sp\u00e9cialis\u00e9e dans la pose et le remplacement de vitre d&#8217;insert et de po\u00eale \u00e0 bois depuis 1998. Forts de mon exp\u00e9rience de plus de 20 ans, je suis devenus une r\u00e9f\u00e9rence dans ce domaine. Agr\u00e9\u00e9 assurance et comp\u00e9tant sur toutes les marques [&hellip;]<\/p>\n","protected":false},"author":1,"featured_media":23,"parent":0,"menu_order":0,"comment_status":"closed","ping_status":"closed","template":"","meta":{"_monsterinsights_skip_tracking":false,"_monsterinsights_sitenote_active":false,"_monsterinsights_sitenote_note":"","_monsterinsights_sitenote_category":0,"footnotes":""},"class_list":["post-24","page","type-page","status-publish","has-post-thumbnail","hentry"],"aioseo_notices":[],"_links":{"self":[{"href":"https:\/\/vitreinsert.com\/index.php\/wp-json\/wp\/v2\/pages\/24","targetHints":{"allow":["GET"]}}],"collection":[{"href":"https:\/\/vitreinsert.com\/index.php\/wp-json\/wp\/v2\/pages"}],"about":[{"href":"https:\/\/vitreinsert.com\/index.php\/wp-json\/wp\/v2\/types\/page"}],"author":[{"embeddable":true,"href":"https:\/\/vitreinsert.com\/index.php\/wp-json\/wp\/v2\/users\/1"}],"replies":[{"embeddable":true,"href":"https:\/\/vitreinsert.com\/index.php\/wp-json\/wp\/v2\/comments?post=24"}],"version-history":[{"count":7,"href":"https:\/\/vitreinsert.com\/index.php\/wp-json\/wp\/v2\/pages\/24\/revisions"}],"predecessor-version":[{"id":49,"href":"https:\/\/vitreinsert.com\/index.php\/wp-json\/wp\/v2\/pages\/24\/revisions\/49"}],"wp:featuredmedia":[{"embeddable":true,"href":"https:\/\/vitreinsert.com\/index.php\/wp-json\/wp\/v2\/media\/23"}],"wp:attachment":[{"href":"https:\/\/vitreinsert.com\/index.php\/wp-json\/wp\/v2\/media?parent=24"}],"curies":[{"name":"wp","href":"https:\/\/api.w.org\/{rel}","templated":true}]}}